{"id":122,"date":"2014-07-03T17:46:29","date_gmt":"2014-07-03T15:46:29","guid":{"rendered":"https:\/\/matico.it\/?page_id=122"},"modified":"2014-08-01T11:07:06","modified_gmt":"2014-08-01T09:07:06","slug":"controllo-accessi-e-videosorveglianza","status":"publish","type":"page","link":"https:\/\/matico.it\/?page_id=122","title":{"rendered":"Controllo Accessi e Videosorveglianza"},"content":{"rendered":"<p style=\"text-align: justify;\">Il <strong>controllo degli accessi<\/strong> in locali o aree dell&#8217;azienda \u00e8 molto importante, sia da un punto di vista della sicurezza nell&#8217;ambiente di lavoro, sia per un migliore controllo delle risorse aziendali.<\/p>\n<p style=\"text-align: justify;\">I nostri prodotti, come i tornelli o i badge per la rilevazione accessi puntano a semplificare la gestione e la possibilit\u00e0 di controllo di come si svolge l&#8217;attivit\u00e0 lavorativa.<\/p>\n<p style=\"text-align: justify;\">Nel campo della <strong>videosorveglianza<\/strong> MATICO offre un&#8217;ampia gamma di prodotti: unit\u00e0 di ripresa, ottiche, unit\u00e0 di registrazione, monitor e tutto quanto \u00e8 necessario per comporre impianti completi capaci di integrare tecnologie diverse in Standard Definition, HD 720p e Full-HD 1080p, sia su cavo coassiale sia su infrastruttura IP. La videosorveglianza MATICO \u00e8 potenza tecnologica, libert\u00e0 progettuale e semplicit\u00e0 di installazione.<\/p>\n","protected":false},"excerpt":{"rendered":"<p>Il controllo degli accessi in locali o aree dell&#8217;azienda \u00e8 molto importante, sia da un punto di vista della sicurezza nell&#8217;ambiente di lavoro, sia per un migliore controllo delle risorse aziendali. I nostri prodotti, come i tornelli o i badge per la rilevazione accessi puntano a semplificare la gestione e la possibilit\u00e0 di controllo di [&hellip;]<\/p>\n","protected":false},"author":3,"featured_media":136,"parent":12,"menu_order":9,"comment_status":"open","ping_status":"open","template":"","meta":{"_genesis_hide_title":false,"_genesis_hide_breadcrumbs":false,"_genesis_hide_singular_image":false,"_genesis_hide_footer_widgets":false,"_genesis_custom_body_class":"","_genesis_custom_post_class":"","_genesis_layout":"content-sidebar","footnotes":""},"_links":{"self":[{"href":"https:\/\/matico.it\/index.php?rest_route=\/wp\/v2\/pages\/122"}],"collection":[{"href":"https:\/\/matico.it\/index.php?rest_route=\/wp\/v2\/pages"}],"about":[{"href":"https:\/\/matico.it\/index.php?rest_route=\/wp\/v2\/types\/page"}],"author":[{"embeddable":true,"href":"https:\/\/matico.it\/index.php?rest_route=\/wp\/v2\/users\/3"}],"replies":[{"embeddable":true,"href":"https:\/\/matico.it\/index.php?rest_route=%2Fwp%2Fv2%2Fcomments&post=122"}],"version-history":[{"count":3,"href":"https:\/\/matico.it\/index.php?rest_route=\/wp\/v2\/pages\/122\/revisions"}],"predecessor-version":[{"id":251,"href":"https:\/\/matico.it\/index.php?rest_route=\/wp\/v2\/pages\/122\/revisions\/251"}],"up":[{"embeddable":true,"href":"https:\/\/matico.it\/index.php?rest_route=\/wp\/v2\/pages\/12"}],"wp:featuredmedia":[{"embeddable":true,"href":"https:\/\/matico.it\/index.php?rest_route=\/wp\/v2\/media\/136"}],"wp:attachment":[{"href":"https:\/\/matico.it\/index.php?rest_route=%2Fwp%2Fv2%2Fmedia&parent=122"}],"curies":[{"name":"wp","href":"https:\/\/api.w.org\/{rel}","templated":true}]}}