{"id":118,"date":"2014-07-03T17:44:59","date_gmt":"2014-07-03T15:44:59","guid":{"rendered":"https:\/\/matico.it\/?page_id=118"},"modified":"2014-07-31T19:37:56","modified_gmt":"2014-07-31T17:37:56","slug":"sistemi-di-allarme-e-antintrusione","status":"publish","type":"page","link":"https:\/\/matico.it\/?page_id=118","title":{"rendered":"Sistemi di Allarme e Antintrusione"},"content":{"rendered":"<p style=\"text-align: justify;\">Dinamici, modulari, personalizzabili in base alle tue esigenze e al tuo stile di vita: sono gli impianti di antintrusione, sempre pronti a vigilare ogni angolo della casa.<\/p>\n<p style=\"text-align: justify;\">Un ventaglio diversificato che, oltre alle centrali antifurto, alle sirene e ai touch screen, comprende le pi\u00f9 sofisticate tecnologie di rilevazione.<\/p>\n<p style=\"text-align: justify;\"><strong>La sicurezza \u00e8 automatica<\/strong><\/p>\n<p style=\"text-align: justify;\">Un solo tocco per creare le condizioni di sicurezza che desideri; il sistema di antintrusione si attiva in base alla configurazione richiesta: totale, solo perimetrale o a zone.<\/p>\n<p style=\"text-align: justify;\">Grazie al concetto di scenario \u00e8 possibile condensare tutte le esigenze in un unico comando, azionabile dal touch screen.<\/p>\n<p style=\"text-align: justify;\"><strong>Prima di decidere devi sapere che&#8230;<\/strong><\/p>\n<p style=\"text-align: justify;\">L\u2019impianto antintrusione pu\u00f2 essere molto semplice ed elementare, ma anche pi\u00f9 complesso e strutturato.<\/p>\n<p style=\"text-align: justify;\">Volumetrico o perimetrale? Controllo locale o anche controllo remoto? Tastiera tradizionale o modernissimo display LCD touch screen e integrazione del sistema domotico? Sono queste le prime cose da valutare, gli interrogativi che bisogna porsi per orientarsi con disinvoltura nella vasta gamma di centrali antifurto e dispositivi di rivelazione, sirene e accessori dedicati che ti proponiamo.<\/p>\n<p style=\"text-align: justify;\"><strong>Sicurezza e controllo: connessi!<\/strong><\/p>\n<p style=\"text-align: justify;\">Sicurezza e prestazioni per noi hanno la stessa importanza e si fondono insieme nella nuova generazione di centrali radio. I nuovi impianti di sicurezza per la casa sono caratterizzati da un sistema innovativo che raccoglie tutte le funzioni, l\u2019affidabilit\u00e0 e la praticit\u00e0 dei prodotti antintrusione. Queste caratteristiche sono affiancate dalle pi\u00f9 innovative funzioni di controllo che rendono il sistema antintrusione parte integrante di un progetto domotico all\u2019avanguardia.<\/p>\n<p style=\"text-align: justify;\"><strong>Tante soluzioni<\/strong><\/p>\n<p style=\"text-align: justify;\">Prestazioni evolute, ma anche immediatezza di utilizzo e interattivit\u00e0, per un sistema capace di rendere facile e affidabile la sicurezza della tua casa e dei suoi ambienti. Tutti i dispositivi per l\u2019antintrusione sono in grado di soddisfare ogni tua richiesta, sia per te che hai maggiore confidenza con le moderne tecnologie, sia per un utente che preferisce la semplicit\u00e0 d\u2019impiego e di gestione. Estremamente versatili e personalizzabili, sono perfetti nei nuovi contesti come nelle ristrutturazioni, dove mancano le opportune predisposizioni. Scegli la soluzione pi\u00f9 adatta a te: volumetrico o perimetrale, con controllo locale ma anche remoto\u2026 potrai subito proteggere la tua abitazione, valorizzare il contesto in cui vivi, senza complicate modifiche strutturali<\/p>\n<p style=\"text-align: justify;\"><strong>Senza pensieri<\/strong><\/p>\n<p style=\"text-align: justify;\">A distanza e in qualunque posto tu sia potrai decidere di collegarti in modo facile e intuitivo alla tua casa, utilizzando semplicemente la connessione a internet e GSM da smartphone, tablet, palmare o PC. Se unitamente all\u2019impianto antifurto disponi anche di un sistema domotico, potrai operare sul touch screen sei in viaggio. Potrai cos\u00ec attuare un check-up completo della tua abitazione, monitorando l\u2019impianto antifurto e con la tastiera virtuale sar\u00e0 possibile gestire il tuo impianto di sicurezza.<\/p>\n","protected":false},"excerpt":{"rendered":"<p>Dinamici, modulari, personalizzabili in base alle tue esigenze e al tuo stile di vita: sono gli impianti di antintrusione, sempre pronti a vigilare ogni angolo della casa. Un ventaglio diversificato che, oltre alle centrali antifurto, alle sirene e ai touch screen, comprende le pi\u00f9 sofisticate tecnologie di rilevazione. La sicurezza \u00e8 automatica Un solo tocco [&hellip;]<\/p>\n","protected":false},"author":3,"featured_media":135,"parent":12,"menu_order":7,"comment_status":"open","ping_status":"closed","template":"","meta":{"_genesis_hide_title":false,"_genesis_hide_breadcrumbs":false,"_genesis_hide_singular_image":false,"_genesis_hide_footer_widgets":false,"_genesis_custom_body_class":"","_genesis_custom_post_class":"","_genesis_layout":"content-sidebar","footnotes":""},"_links":{"self":[{"href":"https:\/\/matico.it\/index.php?rest_route=\/wp\/v2\/pages\/118"}],"collection":[{"href":"https:\/\/matico.it\/index.php?rest_route=\/wp\/v2\/pages"}],"about":[{"href":"https:\/\/matico.it\/index.php?rest_route=\/wp\/v2\/types\/page"}],"author":[{"embeddable":true,"href":"https:\/\/matico.it\/index.php?rest_route=\/wp\/v2\/users\/3"}],"replies":[{"embeddable":true,"href":"https:\/\/matico.it\/index.php?rest_route=%2Fwp%2Fv2%2Fcomments&post=118"}],"version-history":[{"count":4,"href":"https:\/\/matico.it\/index.php?rest_route=\/wp\/v2\/pages\/118\/revisions"}],"predecessor-version":[{"id":235,"href":"https:\/\/matico.it\/index.php?rest_route=\/wp\/v2\/pages\/118\/revisions\/235"}],"up":[{"embeddable":true,"href":"https:\/\/matico.it\/index.php?rest_route=\/wp\/v2\/pages\/12"}],"wp:featuredmedia":[{"embeddable":true,"href":"https:\/\/matico.it\/index.php?rest_route=\/wp\/v2\/media\/135"}],"wp:attachment":[{"href":"https:\/\/matico.it\/index.php?rest_route=%2Fwp%2Fv2%2Fmedia&parent=118"}],"curies":[{"name":"wp","href":"https:\/\/api.w.org\/{rel}","templated":true}]}}