{"id":106,"date":"2014-07-03T17:32:49","date_gmt":"2014-07-03T15:32:49","guid":{"rendered":"https:\/\/matico.it\/?page_id=106"},"modified":"2015-04-17T17:32:13","modified_gmt":"2015-04-17T15:32:13","slug":"porte-sezionali","status":"publish","type":"page","link":"https:\/\/matico.it\/?page_id=106","title":{"rendered":"Porte Sezionali"},"content":{"rendered":"<p style=\"text-align: justify;\"><a href=\"https:\/\/matico.it\/wp-content\/uploads\/2014\/07\/porte-sezionali-1.jpg\"><img loading=\"lazy\" decoding=\"async\" class=\" size-full wp-image-284 alignleft\" src=\"https:\/\/matico.it\/wp-content\/uploads\/2014\/07\/porte-sezionali-1.jpg\" alt=\"Porte Sezionali\" width=\"422\" height=\"175\" srcset=\"https:\/\/matico.it\/wp-content\/uploads\/2014\/07\/porte-sezionali-1.jpg 422w, https:\/\/matico.it\/wp-content\/uploads\/2014\/07\/porte-sezionali-1-300x124.jpg 300w\" sizes=\"(max-width: 422px) 100vw, 422px\" \/><\/a>I portoni sezionali sono la scelta giusta\u00a0per chi \u00e8 alla ricerca della sicurezza\u00a0unita all\u2019eleganza e alla raffinatezza\u00a0estetica. Offrono stile, comfort e\u00a0risparmio energetico.<\/p>\n<p style=\"text-align: justify;\">Il portone sezionale costituisce una\u00a0soluzione ottimale per il proprio garage,\u00a0la sua caratteristica principale \u00e8 quella\u00a0di scorrere verso l\u2019alto e poi lungo il\u00a0soffitto, ideale in condizioni di spazio\u00a0limitato o per garage che si aprono direttamente su strada. Con le porte sezionali l\u2019auto pu\u00f2 sostare vicino al\u00a0garage mentre \u00e8 in attesa di entrare, e chi comanda l\u2019apertura non deve preoccuparsi di indietreggiare;\u00a0inoltre, l\u2019accesso \u00e8 pi\u00f9 ampio ed \u00e8 pi\u00f9 agevole entrare con vetture di grandi dimensioni.<\/p>\n<p style=\"text-align: justify;\">I portoni sezionali disponibili sul mercato offrono vantaggi concreti e numerose possibilit\u00e0 di\u00a0personalizzazione. Con le versioni motorizzate, il portone si apre e si chiude con un semplice sfioramento\u00a0del telecomando, mentre per le versioni manuali la movimentazione del portone \u00e8 altrettanto agevole grazie\u00a0alle molle torsionali. Naturalmente, i portoni sezionali offrono un elevato isolamento acustico e termico\u00a0migliorando la vivibilit\u00e0 e le condizioni interne. Il portone pu\u00f2 essere personalizzato con molti accessori\u00a0progettati per ottimizzare il suo funzionamento.<\/p>\n<p style=\"text-align: justify;\">MATICO progetta e realizza portoni\u00a0sezionali che racchiudono il massimo\u00a0della tecnologia e del design. Non si\u00a0tratta di semplici portoni da garage ma\u00a0di veri capolavori di ingegno e\u00a0bellezza che completano l\u2019esterno\u00a0dell\u2019abitazione con soluzioni realizzate\u00a0su misura.<\/p>\n<p style=\"text-align: justify;\"><a href=\"https:\/\/matico.it\/contatti\/\">Contattate<\/a> subito MATICO per\u00a0richiedere un sopralluogo senza impegno e l\u2019elaborazione di un preventivo gratuito e dettagliato.<\/p>\n","protected":false},"excerpt":{"rendered":"<p>I portoni sezionali sono la scelta giusta\u00a0per chi \u00e8 alla ricerca della sicurezza\u00a0unita all\u2019eleganza e alla raffinatezza\u00a0estetica. Offrono stile, comfort e\u00a0risparmio energetico. Il portone sezionale costituisce una\u00a0soluzione ottimale per il proprio garage,\u00a0la sua caratteristica principale \u00e8 quella\u00a0di scorrere verso l\u2019alto e poi lungo il\u00a0soffitto, ideale in condizioni di spazio\u00a0limitato o per garage che si aprono [&hellip;]<\/p>\n","protected":false},"author":3,"featured_media":129,"parent":12,"menu_order":4,"comment_status":"open","ping_status":"open","template":"","meta":{"_genesis_hide_title":false,"_genesis_hide_breadcrumbs":false,"_genesis_hide_singular_image":false,"_genesis_hide_footer_widgets":false,"_genesis_custom_body_class":"","_genesis_custom_post_class":"","_genesis_layout":"content-sidebar","footnotes":""},"_links":{"self":[{"href":"https:\/\/matico.it\/index.php?rest_route=\/wp\/v2\/pages\/106"}],"collection":[{"href":"https:\/\/matico.it\/index.php?rest_route=\/wp\/v2\/pages"}],"about":[{"href":"https:\/\/matico.it\/index.php?rest_route=\/wp\/v2\/types\/page"}],"author":[{"embeddable":true,"href":"https:\/\/matico.it\/index.php?rest_route=\/wp\/v2\/users\/3"}],"replies":[{"embeddable":true,"href":"https:\/\/matico.it\/index.php?rest_route=%2Fwp%2Fv2%2Fcomments&post=106"}],"version-history":[{"count":5,"href":"https:\/\/matico.it\/index.php?rest_route=\/wp\/v2\/pages\/106\/revisions"}],"predecessor-version":[{"id":290,"href":"https:\/\/matico.it\/index.php?rest_route=\/wp\/v2\/pages\/106\/revisions\/290"}],"up":[{"embeddable":true,"href":"https:\/\/matico.it\/index.php?rest_route=\/wp\/v2\/pages\/12"}],"wp:featuredmedia":[{"embeddable":true,"href":"https:\/\/matico.it\/index.php?rest_route=\/wp\/v2\/media\/129"}],"wp:attachment":[{"href":"https:\/\/matico.it\/index.php?rest_route=%2Fwp%2Fv2%2Fmedia&parent=106"}],"curies":[{"name":"wp","href":"https:\/\/api.w.org\/{rel}","templated":true}]}}